{"id":11,"date":"2012-02-28T15:40:32","date_gmt":"2012-02-28T15:40:32","guid":{"rendered":"http:\/\/www.gca-asso.fr\/?page_id=11"},"modified":"2020-12-18T17:25:54","modified_gmt":"2020-12-18T17:25:54","slug":"telechargements","status":"publish","type":"page","link":"http:\/\/www.gca-asso.fr\/?page_id=11","title":{"rendered":"T\u00e9l\u00e9chargements"},"content":{"rendered":"<p>Documents de communication du GCA :<\/p>\n<p><a href=\"http:\/\/www.gca-asso.fr\/wp-content\/uploads\/2020\/12\/BAT-PlaquetteGCA.pdf\">Plaquette du GCA &#8211; Actualisation 2020<\/a><\/p>\n<p><a href=\"http:\/\/www.gca-asso.fr\/wp-content\/uploads\/2020\/12\/PlaquetteGCAversionWEB2.pdf\">Plaquette du GCA &#8211; version Web &#8211; Actualisation 2020 <\/a><\/p>\n<p><a href=\"http:\/\/www.gca-asso.fr\/wp-content\/uploads\/2020\/12\/GCA_Ancienne_plaquette.pdf\">Plaquette du GCA &#8211; Ancienne version (2011)<\/a><\/p>\n<hr \/>\n<p style=\"text-align: justify;\"><span style=\"color: #000000;\">En 2016, la SFEPM, via le groupe de travail \u00e9olien de son groupe Chiropt\u00e8res, a actualis\u00e9 ses recommandations pour une meilleure prise en compte des chauves-souris dans les projets \u00e9oliens. <\/span><span style=\"color: #000000;\">3 documents sont en t\u00e9l\u00e9chargement :<\/span><\/p>\n<p style=\"text-align: justify;\"><a href=\"http:\/\/www.gca-asso.fr\/wp-content\/uploads\/2017\/02\/Prise-en-compte-des-chiropt\u00e8res-dans-la-planification-des-projets-\u00e9oliens-terrestres.pdf\">Prise en compte des chiropt\u00e8res dans la planification des projets \u00e9oliens terrestres<\/a><\/p>\n<p style=\"text-align: justify;\"><a href=\"http:\/\/www.gca-asso.fr\/wp-content\/uploads\/2017\/02\/Diagnostic-chiropt\u00e9rologique-des-projets-\u00e9oliens-terrestres.pdf\">Diagnostic chiropt\u00e9rologique des projets \u00e9oliens terrestres<\/a><\/p>\n<p style=\"text-align: justify;\"><a href=\"http:\/\/www.gca-asso.fr\/wp-content\/uploads\/2017\/02\/Suivis-des-impacts-des-parcs-\u00e9oliens-sur-les-populations-de-chiropt\u00e8res.pdf\">Suivis des impacts des parcs \u00e9oliens sur les populations de chiropt\u00e8res<\/a><\/p>\n<hr \/>\n<p style=\"text-align: justify;\"><span style=\"color: #000000;\">Positionnement du GCA par rapport \u00e0 l&rsquo;\u00e9olien en R\u00e9gion :<\/span><\/p>\n<p style=\"text-align: justify;\"><a style=\"font-weight: 300;\" title=\"Courrier du GCA aux organismes d\u00e9cideurs en Aquitaine\" href=\"http:\/\/www.gca-asso.fr\/wp-content\/uploads\/2012\/02\/Courrier-GCA-Eolien-07-2016.pdf\">Courrier adress\u00e9 aux organismes d\u00e9cideurs en r\u00e9gion Aquitaine<\/a><\/p>\n<hr \/>\n<p><span style=\"color: #000000;\">Atlas des Mammif\u00e8res d&rsquo;Aquitaine &#8211; Tome 4: les Chiropt\u00e8res<\/span><\/p>\n<p style=\"text-align: justify;\"><a href=\"http:\/\/www.gca-asso.fr\/wp-content\/uploads\/2016\/11\/Atlas_Mammiferes_T4_Partie1.pdf\">Partie 1<\/a><\/p>\n<p style=\"text-align: justify;\"><a href=\"http:\/\/www.gca-asso.fr\/wp-content\/uploads\/2016\/11\/Atlas_Mammiferes_T4_Partie2.pdf\">Partie 2<\/a><\/p>\n<hr \/>\n","protected":false},"excerpt":{"rendered":"<p>Documents de communication du GCA : Plaquette du GCA &#8211; Actualisation 2020 Plaquette du GCA &#8211; version Web &#8211; Actualisation 2020 Plaquette du GCA &#8211; Ancienne version (2011) En 2016, la SFEPM, via le groupe de travail \u00e9olien de son &hellip; <a href=\"http:\/\/www.gca-asso.fr\/?page_id=11\">Continuer la lecture <span class=\"meta-nav\">&rarr;<\/span><\/a><\/p>\n","protected":false},"author":2,"featured_media":0,"parent":0,"menu_order":5,"comment_status":"closed","ping_status":"open","template":"","meta":{"footnotes":""},"class_list":["post-11","page","type-page","status-publish","hentry"],"_links":{"self":[{"href":"http:\/\/www.gca-asso.fr\/index.php?rest_route=\/wp\/v2\/pages\/11","targetHints":{"allow":["GET"]}}],"collection":[{"href":"http:\/\/www.gca-asso.fr\/index.php?rest_route=\/wp\/v2\/pages"}],"about":[{"href":"http:\/\/www.gca-asso.fr\/index.php?rest_route=\/wp\/v2\/types\/page"}],"author":[{"embeddable":true,"href":"http:\/\/www.gca-asso.fr\/index.php?rest_route=\/wp\/v2\/users\/2"}],"replies":[{"embeddable":true,"href":"http:\/\/www.gca-asso.fr\/index.php?rest_route=%2Fwp%2Fv2%2Fcomments&post=11"}],"version-history":[{"count":60,"href":"http:\/\/www.gca-asso.fr\/index.php?rest_route=\/wp\/v2\/pages\/11\/revisions"}],"predecessor-version":[{"id":1528,"href":"http:\/\/www.gca-asso.fr\/index.php?rest_route=\/wp\/v2\/pages\/11\/revisions\/1528"}],"wp:attachment":[{"href":"http:\/\/www.gca-asso.fr\/index.php?rest_route=%2Fwp%2Fv2%2Fmedia&parent=11"}],"curies":[{"name":"wp","href":"https:\/\/api.w.org\/{rel}","templated":true}]}}