{"id":1277,"date":"2018-04-12T21:41:17","date_gmt":"2018-04-12T21:41:17","guid":{"rendered":"http:\/\/www.gca-asso.fr\/?page_id=1277"},"modified":"2020-06-09T18:56:16","modified_gmt":"2020-06-09T18:56:16","slug":"la-coordination-chiropteres-nationale","status":"publish","type":"page","link":"http:\/\/www.gca-asso.fr\/?page_id=1277","title":{"rendered":"La Coordination Chiropt\u00e8res Nationale"},"content":{"rendered":"<p>La <strong>CCN<\/strong> (Coordination Chiropt\u00e8res Nationale) est un groupe de la SFEPM (Soci\u00e9t\u00e9 Fran\u00e7aise pour l\u2019\u00c9tude et la Protection des Mammif\u00e8res). Ce groupe est constitu\u00e9 de personnes uniquement b\u00e9n\u00e9voles, repr\u00e9sentant chaque ancienne r\u00e9gion.<\/p>\n<p>Son r\u00f4le est d\u2019assurer la transmission d\u2019informations concernant les chauves-souris entre le niveau national et le niveau local. De plus, la CCN est constitu\u00e9e de plusieurs commissions, avec un r\u00e9f\u00e9rent th\u00e9matique, qui ont pour objectifs de faire avancer de nombreux sujets sur les chiropt\u00e8res. A titre d\u2019exemple, on y retrouve l\u2019\u00e9olien, la veille sanitaire, la for\u00eat, l\u2019Envol des chiros\u2026 Elle participe activement au suivi du 3<sup>\u00e8me<\/sup> PNA (Plan National d\u2019Actions en faveur des chiropt\u00e8res).<\/p>\n<p style=\"text-align: center;\">Vous pouvez \u00e9galement retrouver de nombreuses informations en consultant la revue <a href=\"https:\/\/www.sfepm.org\/documentationChiropteres.htm\">l&rsquo;Envol des Chiros<\/a><\/p>\n<p>Autres liens :<\/p>\n<p><a href=\"https:\/\/www.sfepm.org\/le-groupe-chiropteres-national.html\">Le Groupe Chiropt\u00e8res National<\/a><\/p>\n<hr \/>\n<p><span style=\"text-decoration: underline;\"><strong>Documents t\u00e9l\u00e9chargeables : <\/strong><\/span><\/p>\n<p><a href=\"http:\/\/www.gca-asso.fr\/wp-content\/uploads\/2020\/06\/CR_reunon_coordinateurs_CCN_20191130.pdf\">Compte-rendu de la r\u00e9union de la CCN &#8211; 30 novembre &amp; 1er d\u00e9cembre 2019<\/a><\/p>\n<p>Liste des Coordinateurs r\u00e9gionaux 2018 :<\/p>\n<p><img loading=\"lazy\" decoding=\"async\" class=\"aligncenter size-full wp-image-1283\" src=\"http:\/\/www.gca-asso.fr\/wp-content\/uploads\/2018\/04\/CCN-liste2018.jpg\" alt=\"\" width=\"431\" height=\"643\" srcset=\"http:\/\/www.gca-asso.fr\/wp-content\/uploads\/2018\/04\/CCN-liste2018.jpg 431w, http:\/\/www.gca-asso.fr\/wp-content\/uploads\/2018\/04\/CCN-liste2018-201x300.jpg 201w\" sizes=\"auto, (max-width: 431px) 100vw, 431px\" \/><\/p>\n","protected":false},"excerpt":{"rendered":"<p>La CCN (Coordination Chiropt\u00e8res Nationale) est un groupe de la SFEPM (Soci\u00e9t\u00e9 Fran\u00e7aise pour l\u2019\u00c9tude et la Protection des Mammif\u00e8res). Ce groupe est constitu\u00e9 de personnes uniquement b\u00e9n\u00e9voles, repr\u00e9sentant chaque ancienne r\u00e9gion. Son r\u00f4le est d\u2019assurer la transmission d\u2019informations concernant &hellip; <a href=\"http:\/\/www.gca-asso.fr\/?page_id=1277\">Continuer la lecture <span class=\"meta-nav\">&rarr;<\/span><\/a><\/p>\n","protected":false},"author":2,"featured_media":0,"parent":0,"menu_order":0,"comment_status":"closed","ping_status":"closed","template":"","meta":{"footnotes":""},"class_list":["post-1277","page","type-page","status-publish","hentry"],"_links":{"self":[{"href":"http:\/\/www.gca-asso.fr\/index.php?rest_route=\/wp\/v2\/pages\/1277","targetHints":{"allow":["GET"]}}],"collection":[{"href":"http:\/\/www.gca-asso.fr\/index.php?rest_route=\/wp\/v2\/pages"}],"about":[{"href":"http:\/\/www.gca-asso.fr\/index.php?rest_route=\/wp\/v2\/types\/page"}],"author":[{"embeddable":true,"href":"http:\/\/www.gca-asso.fr\/index.php?rest_route=\/wp\/v2\/users\/2"}],"replies":[{"embeddable":true,"href":"http:\/\/www.gca-asso.fr\/index.php?rest_route=%2Fwp%2Fv2%2Fcomments&post=1277"}],"version-history":[{"count":7,"href":"http:\/\/www.gca-asso.fr\/index.php?rest_route=\/wp\/v2\/pages\/1277\/revisions"}],"predecessor-version":[{"id":1470,"href":"http:\/\/www.gca-asso.fr\/index.php?rest_route=\/wp\/v2\/pages\/1277\/revisions\/1470"}],"wp:attachment":[{"href":"http:\/\/www.gca-asso.fr\/index.php?rest_route=%2Fwp%2Fv2%2Fmedia&parent=1277"}],"curies":[{"name":"wp","href":"https:\/\/api.w.org\/{rel}","templated":true}]}}