{"id":13,"date":"2012-02-28T16:04:24","date_gmt":"2012-02-28T16:04:24","guid":{"rendered":"http:\/\/www.gca-asso.fr\/?page_id=13"},"modified":"2023-10-26T09:31:14","modified_gmt":"2023-10-26T09:31:14","slug":"sos-chauves-souris","status":"publish","type":"page","link":"http:\/\/www.gca-asso.fr\/?page_id=13","title":{"rendered":"SOS Chauves-souris"},"content":{"rendered":"<p>Un certain nombre d&rsquo;esp\u00e8ces de chauves-souris utilise nos habitations durant l&rsquo;\u00e9t\u00e9 pour la reproduction ou l&rsquo;hiver pour l&rsquo;hibernation. Cette proximit\u00e9 peut engendrer des questionnements pour les habitants.<\/p>\n<p style=\"text-align: justify;\">C&rsquo;est pourquoi le service \u00ab\u00a0SOS chauve-souris\u00a0\u00bb a \u00e9t\u00e9 mis en place. Il s&rsquo;agit d&rsquo;un r\u00e9seau de chiropt\u00e9rologues b\u00e9n\u00e9voles au service du public (particuliers et collectivit\u00e9s) pour r\u00e9pondre aux sollicitations concernant les chauves-souris. Les questions trait\u00e9es peuvent \u00eatre les suivantes :<\/p>\n<p style=\"text-align: justify;\">&#8211; demandes d\u2019informations sur les esp\u00e8ces ou sur les actions \u00e0 mettre en place pour leur venir en aide<br \/>\n&#8211; demandes d&rsquo;identification des diff\u00e9rentes esp\u00e8ces<br \/>\n&#8211; demandes d&rsquo;aide face \u00e0 un animal bless\u00e9 ou mort<br \/>\n&#8211; demandes de conseils lors de probl\u00e8mes de cohabitation<\/p>\n<p>Ces \u00e9changes entre particuliers et chiropt\u00e9rologues sont d&rsquo;autant plus importants qu&rsquo;ils permettent une meilleure connaissance des colonies de chauves-souris pr\u00e9sentes dans la r\u00e9gion.<\/p>\n<p>Vous pouvez nous contacter par courriel directement \u00e0 l\u2019adresse du GCA, nous tenterons dans la mesure de nos moyens b\u00e9n\u00e9voles de vous r\u00e9pondre au mieux et dans des d\u00e9lais raisonnables, alors soyez patient !<\/p>\n<p><strong>Afin de nous apporter le maximum d&rsquo;informations, qui permettront un traitement plus rapide de votre demande, merci de pr\u00e9ciser :<\/strong><\/p>\n<ul>\n<li><em><strong>Nom, Pr\u00e9nom<\/strong><\/em><\/li>\n<li><em><strong>Commune et d\u00e9partement de r\u00e9sidence<\/strong><\/em><\/li>\n<li><em><strong>Le nombre approximatif de chauves-souris qui habitent chez vous ou s&rsquo;il s&rsquo;agit d&rsquo;un animal bless\u00e9 ou retrouv\u00e9 non volant<\/strong><\/em><\/li>\n<li><em><strong>Si possible, envoyez des photos<\/strong><\/em><\/li>\n<\/ul>\n<p style=\"text-align: center;\"><span style=\"color: #0000ff;\"><strong>soschauvessouris.aquitaine@gmail.com<\/strong><\/span><\/p>\n","protected":false},"excerpt":{"rendered":"<p>Un certain nombre d&rsquo;esp\u00e8ces de chauves-souris utilise nos habitations durant l&rsquo;\u00e9t\u00e9 pour la reproduction ou l&rsquo;hiver pour l&rsquo;hibernation. Cette proximit\u00e9 peut engendrer des questionnements pour les habitants. C&rsquo;est pourquoi le service \u00ab\u00a0SOS chauve-souris\u00a0\u00bb a \u00e9t\u00e9 mis en place. Il s&rsquo;agit &hellip; <a href=\"http:\/\/www.gca-asso.fr\/?page_id=13\">Continuer la lecture <span class=\"meta-nav\">&rarr;<\/span><\/a><\/p>\n","protected":false},"author":2,"featured_media":0,"parent":0,"menu_order":4,"comment_status":"closed","ping_status":"open","template":"","meta":{"footnotes":""},"class_list":["post-13","page","type-page","status-publish","hentry"],"_links":{"self":[{"href":"http:\/\/www.gca-asso.fr\/index.php?rest_route=\/wp\/v2\/pages\/13","targetHints":{"allow":["GET"]}}],"collection":[{"href":"http:\/\/www.gca-asso.fr\/index.php?rest_route=\/wp\/v2\/pages"}],"about":[{"href":"http:\/\/www.gca-asso.fr\/index.php?rest_route=\/wp\/v2\/types\/page"}],"author":[{"embeddable":true,"href":"http:\/\/www.gca-asso.fr\/index.php?rest_route=\/wp\/v2\/users\/2"}],"replies":[{"embeddable":true,"href":"http:\/\/www.gca-asso.fr\/index.php?rest_route=%2Fwp%2Fv2%2Fcomments&post=13"}],"version-history":[{"count":43,"href":"http:\/\/www.gca-asso.fr\/index.php?rest_route=\/wp\/v2\/pages\/13\/revisions"}],"predecessor-version":[{"id":1786,"href":"http:\/\/www.gca-asso.fr\/index.php?rest_route=\/wp\/v2\/pages\/13\/revisions\/1786"}],"wp:attachment":[{"href":"http:\/\/www.gca-asso.fr\/index.php?rest_route=%2Fwp%2Fv2%2Fmedia&parent=13"}],"curies":[{"name":"wp","href":"https:\/\/api.w.org\/{rel}","templated":true}]}}