{"id":1301,"date":"2018-06-02T23:10:32","date_gmt":"2018-06-02T23:10:32","guid":{"rendered":"http:\/\/www.gca-asso.fr\/?page_id=1301"},"modified":"2022-01-08T10:40:16","modified_gmt":"2022-01-08T10:40:16","slug":"compte-rendu-de-lassemblee-generale","status":"publish","type":"page","link":"http:\/\/www.gca-asso.fr\/?page_id=1301","title":{"rendered":"Compte-rendu de l&rsquo;Assembl\u00e9e G\u00e9n\u00e9rale"},"content":{"rendered":"<p><a href=\"http:\/\/www.gca-asso.fr\/wp-content\/uploads\/2018\/06\/GCA_RapportActivit\u00e9s_2017_-CR-AG-03032018.pdf\">Compte-rendu et rapport d&rsquo;activit\u00e9 de l&rsquo;Assembl\u00e9e G\u00e9n\u00e9rale du 03 mars 2018 <\/a><br \/><a href=\"http:\/\/www.gca-asso.fr\/wp-content\/uploads\/2020\/08\/GCA_RapportActivit\u00e9s_2018_VF.pdf\">Compte-rendu et rapport d&rsquo;activit\u00e9 de l&rsquo;Assembl\u00e9e G\u00e9n\u00e9rale du 02 mars 2019<\/a><\/p>\n<p><a href=\"http:\/\/www.gca-asso.fr\/wp-content\/uploads\/2022\/01\/GCA_RapportActivit\u00e9s_2019_VF.pdf\">Compte rendu et rapport d&rsquo;activit\u00e9s de l&rsquo;Assembl\u00e9e G\u00e9n\u00e9rale du 5 septembre 2020<\/a><\/p>\n<p><a href=\"http:\/\/www.gca-asso.fr\/wp-content\/uploads\/2022\/01\/GCA_RapportActivit\u00e9s_2020_04092021.pdf\">Compte rendu et rapport d&rsquo;activit\u00e9s de l&rsquo;Assembl\u00e9e G\u00e9n\u00e9rale du 4 septembre 2021<\/a><\/p>\n\n\n<p><\/p>\n","protected":false},"excerpt":{"rendered":"<p>Compte-rendu et rapport d&rsquo;activit\u00e9 de l&rsquo;Assembl\u00e9e G\u00e9n\u00e9rale du 03 mars 2018 Compte-rendu et rapport d&rsquo;activit\u00e9 de l&rsquo;Assembl\u00e9e G\u00e9n\u00e9rale du 02 mars 2019 Compte rendu et rapport d&rsquo;activit\u00e9s de l&rsquo;Assembl\u00e9e G\u00e9n\u00e9rale du 5 septembre 2020 Compte rendu et rapport d&rsquo;activit\u00e9s de &hellip; <a href=\"http:\/\/www.gca-asso.fr\/?page_id=1301\">Continuer la lecture <span class=\"meta-nav\">&rarr;<\/span><\/a><\/p>\n","protected":false},"author":2,"featured_media":0,"parent":0,"menu_order":0,"comment_status":"closed","ping_status":"closed","template":"","meta":{"footnotes":""},"class_list":["post-1301","page","type-page","status-publish","hentry"],"_links":{"self":[{"href":"http:\/\/www.gca-asso.fr\/index.php?rest_route=\/wp\/v2\/pages\/1301","targetHints":{"allow":["GET"]}}],"collection":[{"href":"http:\/\/www.gca-asso.fr\/index.php?rest_route=\/wp\/v2\/pages"}],"about":[{"href":"http:\/\/www.gca-asso.fr\/index.php?rest_route=\/wp\/v2\/types\/page"}],"author":[{"embeddable":true,"href":"http:\/\/www.gca-asso.fr\/index.php?rest_route=\/wp\/v2\/users\/2"}],"replies":[{"embeddable":true,"href":"http:\/\/www.gca-asso.fr\/index.php?rest_route=%2Fwp%2Fv2%2Fcomments&post=1301"}],"version-history":[{"count":6,"href":"http:\/\/www.gca-asso.fr\/index.php?rest_route=\/wp\/v2\/pages\/1301\/revisions"}],"predecessor-version":[{"id":1576,"href":"http:\/\/www.gca-asso.fr\/index.php?rest_route=\/wp\/v2\/pages\/1301\/revisions\/1576"}],"wp:attachment":[{"href":"http:\/\/www.gca-asso.fr\/index.php?rest_route=%2Fwp%2Fv2%2Fmedia&parent=1301"}],"curies":[{"name":"wp","href":"https:\/\/api.w.org\/{rel}","templated":true}]}}