{"id":2,"date":"2012-02-28T13:57:47","date_gmt":"2012-02-28T13:57:47","guid":{"rendered":"http:\/\/www.gca-asso.fr\/?page_id=2"},"modified":"2023-02-17T15:16:59","modified_gmt":"2023-02-17T15:16:59","slug":"page-d-exemple","status":"publish","type":"page","link":"http:\/\/www.gca-asso.fr\/?page_id=2","title":{"rendered":"Le Groupe Chiropt\u00e8res"},"content":{"rendered":"<p>Interlocuteur privil\u00e9gi\u00e9 pour la r\u00e9gion, le Groupe Chiropt\u00e8res Aquitaine participe \u00e0 la protection des esp\u00e8ces et \u00e0 la sauvegarde de leurs milieux.<\/p>\n<p>Dans un souci de partenariat, il contribue ainsi \u00e0 :<\/p>\n<ul>\n<li>une meilleure connaissance des esp\u00e8ces et de leur r\u00e9partition,<\/li>\n<li>la protection des sites d&rsquo;int\u00e9r\u00eat majeur,<\/li>\n<li>une information et une sensibilisation des professionnels et du grand public.<\/li>\n<\/ul>\n<p>Cette structure associative n&rsquo;est constitu\u00e9e que de <span style=\"text-decoration: underline;\"><strong>membres individuels strictement b\u00e9n\u00e9voles<\/strong><\/span> et de structures partenaires (LPO Aquitaine, CEN Aquitaine, Eliomys).<\/p>\n<p style=\"text-align: center;\"><a href=\"http:\/\/www.gca-asso.fr\/wp-content\/uploads\/2022\/01\/GCA_2020_couleurs.png\"><img loading=\"lazy\" decoding=\"async\" class=\"alignnone size-full wp-image-1546\" src=\"http:\/\/www.gca-asso.fr\/wp-content\/uploads\/2022\/01\/GCA_2020_couleurs.png\" alt=\"\" width=\"475\" height=\"200\" srcset=\"http:\/\/www.gca-asso.fr\/wp-content\/uploads\/2022\/01\/GCA_2020_couleurs.png 475w, http:\/\/www.gca-asso.fr\/wp-content\/uploads\/2022\/01\/GCA_2020_couleurs-300x126.png 300w\" sizes=\"auto, (max-width: 475px) 100vw, 475px\" \/><\/a><\/p>\n<address style=\"text-align: left;\"><em><span style=\"text-decoration: underline;\">Si\u00e8ge social<\/span> : 57 Bis Avenue Pasteur 33480 CASTELNAU DE MEDOC<br \/>\n<\/em><\/address>\n<address style=\"text-align: left;\"><em><span style=\"text-decoration: underline;\">Adresse mail<\/span> :\u00a0chiropteres.aquitaine@gmail.com\u00a0<\/em><\/address>\n","protected":false},"excerpt":{"rendered":"<p>Interlocuteur privil\u00e9gi\u00e9 pour la r\u00e9gion, le Groupe Chiropt\u00e8res Aquitaine participe \u00e0 la protection des esp\u00e8ces et \u00e0 la sauvegarde de leurs milieux. Dans un souci de partenariat, il contribue ainsi \u00e0 : une meilleure connaissance des esp\u00e8ces et de leur &hellip; <a href=\"http:\/\/www.gca-asso.fr\/?page_id=2\">Continuer la lecture <span class=\"meta-nav\">&rarr;<\/span><\/a><\/p>\n","protected":false},"author":2,"featured_media":0,"parent":0,"menu_order":1,"comment_status":"closed","ping_status":"open","template":"","meta":{"footnotes":""},"class_list":["post-2","page","type-page","status-publish","hentry"],"_links":{"self":[{"href":"http:\/\/www.gca-asso.fr\/index.php?rest_route=\/wp\/v2\/pages\/2","targetHints":{"allow":["GET"]}}],"collection":[{"href":"http:\/\/www.gca-asso.fr\/index.php?rest_route=\/wp\/v2\/pages"}],"about":[{"href":"http:\/\/www.gca-asso.fr\/index.php?rest_route=\/wp\/v2\/types\/page"}],"author":[{"embeddable":true,"href":"http:\/\/www.gca-asso.fr\/index.php?rest_route=\/wp\/v2\/users\/2"}],"replies":[{"embeddable":true,"href":"http:\/\/www.gca-asso.fr\/index.php?rest_route=%2Fwp%2Fv2%2Fcomments&post=2"}],"version-history":[{"count":21,"href":"http:\/\/www.gca-asso.fr\/index.php?rest_route=\/wp\/v2\/pages\/2\/revisions"}],"predecessor-version":[{"id":1726,"href":"http:\/\/www.gca-asso.fr\/index.php?rest_route=\/wp\/v2\/pages\/2\/revisions\/1726"}],"wp:attachment":[{"href":"http:\/\/www.gca-asso.fr\/index.php?rest_route=%2Fwp%2Fv2%2Fmedia&parent=2"}],"curies":[{"name":"wp","href":"https:\/\/api.w.org\/{rel}","templated":true}]}}