{"id":320,"date":"2014-05-26T13:00:45","date_gmt":"2014-05-26T13:00:45","guid":{"rendered":"http:\/\/www.gca-asso.fr\/?page_id=320"},"modified":"2022-01-09T07:51:31","modified_gmt":"2022-01-09T07:51:31","slug":"les-etudes-en-region","status":"publish","type":"page","link":"http:\/\/www.gca-asso.fr\/?page_id=320","title":{"rendered":"Les \u00e9tudes en r\u00e9gion"},"content":{"rendered":"<p style=\"text-align: justify;\"><strong><span style=\"color: #000000; text-decoration: underline;\"><span style=\"text-decoration: underline;\">\u00c9tudes sur l&rsquo;ensemble de la r\u00e9gion :<\/span><\/span><\/strong><\/p>\n<p style=\"text-align: justify;\">Le second comptage du Miniopt\u00e8re de Schreiber en p\u00e9riode de transit \u00e0 eu lieu du 10 au 12 octobre 2014. Voici les r\u00e9sultats : <a href=\"http:\/\/www.gca-asso.fr\/wp-content\/uploads\/2014\/05\/Comptage_minio-2014.pdf\">Comptage_minioptere_ 2014<\/a><\/p>\n<p style=\"text-align: justify;\">Le premier comptage de Miniopt\u00e8re de Schreiber en p\u00e9riode de transit \u00e0 eu lieu du 23 au 29 octobre 2013. En voici les r\u00e9sultats :<a href=\"http:\/\/www.gca-asso.fr\/wp-content\/uploads\/2014\/06\/Comptage_minio-2013v2.pdf\"> Comptage_minioptere_2013<\/a><\/p>\n<p style=\"text-align: justify;\"><span style=\"color: #000000;\"><strong>\u00c9tudes en Gironde :<br \/>\n<\/strong><\/span>Un suivi de certaines colonies en b\u00e2ti a lieu sur le d\u00e9partement. C&rsquo;est notamment le cas de la cath\u00e9drale de Bazas abritant l&rsquo;une des plus importantes colonies de reproduction mixtes de la r\u00e9gion : 220 Grands rhinolophes et 385 Murins \u00e0 oreilles \u00e9chancr\u00e9es (en 2013). Deux articles sont parus dans la presse \u00e0 ce sujet : <a href=\"http:\/\/www.gca-asso.fr\/wp-content\/uploads\/2014\/05\/Bazas-article01.pdf\">Article paru dans Le R\u00e9publicain<\/a> et <a href=\"http:\/\/www.gca-asso.fr\/wp-content\/uploads\/2014\/05\/Bazas-article02.pdf\">Article paru dans Sud Ouest<\/a>.<\/p>\n<p style=\"text-align: justify;\" align=\"center\"><a href=\"http:\/\/www.gca-asso.fr\/wp-content\/uploads\/2014\/05\/etude-especes-arboricoles_gironde_2014.pdf\">Am\u00e9lioration des connaissances de l\u2019\u00e9cologie des esp\u00e8ces de chauves-souris arboricoles foresti\u00e8res et caract\u00e9risation des arbres g\u00eetes en Gironde &#8211; 2014<\/a><\/p>\n<p style=\"text-align: justify;\"><span style=\"color: #000000;\"><strong>\u00c9tudes en Dordogne :<br \/>\n<\/strong><\/span>Contenu \u00e0 venir<\/p>\n<p style=\"text-align: justify;\"><span style=\"color: #000000;\"><strong>\u00c9tudes en Lot-et-Garonne :<br \/>\n<\/strong><\/span>Contenu \u00e0 venir<\/p>\n<p style=\"text-align: justify;\"><span style=\"color: #000000;\"><strong>\u00c9tudes dans les Landes :<br \/>\n<\/strong><\/span>Contenu \u00e0 venir<\/p>\n<p style=\"text-align: justify;\"><span style=\"color: #000000;\"><strong>\u00c9tudes dans les Pyr\u00e9n\u00e9es Atlantiques :<br \/>\n<\/strong><\/span><\/p>\n<p><a href=\"http:\/\/www.gca-asso.fr\/wp-content\/uploads\/2022\/01\/Prospections-acoustiques_GCA-1.pdf\">Prospections acoustiques dans le Bois d&rsquo;Holzarte (64) &#8211; ONF \/ GCA &#8211; 2021<\/a><\/p>\n<p style=\"text-align: justify;\"><a href=\"http:\/\/www.gca-asso.fr\/wp-content\/uploads\/2012\/02\/Rapport_Mikelauenzilo.pdf\">Le Rhinolophe euryale (Rhinolophus euryale) dans les montagnes de SAINT-JEAN-PIED-DE-PORT &#8211; FR7200754 &#8211; Site de Mikelauenzilo Caract\u00e9risation de l&rsquo;activit\u00e9 et des terrains de chasse de l&rsquo;esp\u00e8ce et perspectives de conservation &#8211; 2006<\/a><\/p>\n<p style=\"text-align: justify;\"><a href=\"http:\/\/www.gca-asso.fr\/wp-content\/uploads\/2012\/02\/Euryale_Rapport_Banca.pdf\">Le Rhinolophe euryale (Rhinolophus euryale) en vall\u00e9e des Aldudes Site de Petexaenea &#8211; FR7200756 Caract\u00e9risation de l&rsquo;activit\u00e9 et des terrains de chasse de l&rsquo;esp\u00e8ce et perspectives de conservation &#8211; 2005<\/a><strong><br \/>\n<\/strong><\/p>\n<p><strong>\u00a0<\/strong><\/p>\n","protected":false},"excerpt":{"rendered":"<p>\u00c9tudes sur l&rsquo;ensemble de la r\u00e9gion : Le second comptage du Miniopt\u00e8re de Schreiber en p\u00e9riode de transit \u00e0 eu lieu du 10 au 12 octobre 2014. Voici les r\u00e9sultats : Comptage_minioptere_ 2014 Le premier comptage de Miniopt\u00e8re de Schreiber &hellip; <a href=\"http:\/\/www.gca-asso.fr\/?page_id=320\">Continuer la lecture <span class=\"meta-nav\">&rarr;<\/span><\/a><\/p>\n","protected":false},"author":2,"featured_media":0,"parent":2,"menu_order":1,"comment_status":"closed","ping_status":"open","template":"","meta":{"footnotes":""},"class_list":["post-320","page","type-page","status-publish","hentry"],"_links":{"self":[{"href":"http:\/\/www.gca-asso.fr\/index.php?rest_route=\/wp\/v2\/pages\/320","targetHints":{"allow":["GET"]}}],"collection":[{"href":"http:\/\/www.gca-asso.fr\/index.php?rest_route=\/wp\/v2\/pages"}],"about":[{"href":"http:\/\/www.gca-asso.fr\/index.php?rest_route=\/wp\/v2\/types\/page"}],"author":[{"embeddable":true,"href":"http:\/\/www.gca-asso.fr\/index.php?rest_route=\/wp\/v2\/users\/2"}],"replies":[{"embeddable":true,"href":"http:\/\/www.gca-asso.fr\/index.php?rest_route=%2Fwp%2Fv2%2Fcomments&post=320"}],"version-history":[{"count":23,"href":"http:\/\/www.gca-asso.fr\/index.php?rest_route=\/wp\/v2\/pages\/320\/revisions"}],"predecessor-version":[{"id":1595,"href":"http:\/\/www.gca-asso.fr\/index.php?rest_route=\/wp\/v2\/pages\/320\/revisions\/1595"}],"up":[{"embeddable":true,"href":"http:\/\/www.gca-asso.fr\/index.php?rest_route=\/wp\/v2\/pages\/2"}],"wp:attachment":[{"href":"http:\/\/www.gca-asso.fr\/index.php?rest_route=%2Fwp%2Fv2%2Fmedia&parent=320"}],"curies":[{"name":"wp","href":"https:\/\/api.w.org\/{rel}","templated":true}]}}