{"id":330,"date":"2014-05-26T13:03:54","date_gmt":"2014-05-26T13:03:54","guid":{"rendered":"http:\/\/www.gca-asso.fr\/?page_id=330"},"modified":"2017-05-28T15:06:26","modified_gmt":"2017-05-28T15:06:26","slug":"contacter-le-reseau-daide","status":"publish","type":"page","link":"http:\/\/www.gca-asso.fr\/?page_id=330","title":{"rendered":"Halte aux id\u00e9es re\u00e7ues !"},"content":{"rendered":"<p style=\"text-align: justify;\">Il n&rsquo;est pas rare que les chauves-souris fr\u00e9quentent diverses parties des maisons : les greniers, les avanc\u00e9es de toits, l&rsquo;espace entre le mur et le bardage, derri\u00e8re les volets etc. durant la belle saison. Ces lieux procurent la chaleur n\u00e9cessaire au bon d\u00e9veloppement des jeunes. Au contraire, pour hiberner, les chauves-souris recherchent des zones \u00e0 forte hygrom\u00e9trie et \u00e0 temp\u00e9rature constante : c&rsquo;est notamment le cas des caves.<\/p>\n<blockquote>\n<p style=\"text-align: justify;\">Rappel : toutes les esp\u00e8ces de chauve-souris sont prot\u00e9g\u00e9es par la loi. Leur manipulation est donc interdite, sauf cas d\u2019urgence (animal mort ou bless\u00e9).<\/p>\n<\/blockquote>\n<p style=\"text-align: justify;\"><strong><span style=\"color: #333333; text-decoration: underline;\">Les chauves-souris vont-elles pulluler ?<\/span><\/strong><\/p>\n<p style=\"text-align: justify;\">Le terme de \u00ab\u00a0pullulation\u00a0\u00bb s&#8217;emploie pour les rongeurs (comme les souris) mais pas pour les chauves-souris. En effet, les strat\u00e9gies de reproduction de ces deux groupes sont bien diff\u00e9rentes : alors que la Souris grise (la plus commune dans nos habitations) met au monde environs une quarantaine de petits par an, la Pipistrelle commune (esp\u00e8ces la plus couramment trouv\u00e9e dans les maisons) donne naissance \u00e0 un seul jeune chaque ann\u00e9e.<br \/>\nSi l&rsquo;on ajoute \u00e0 cela le fait que seulement 60% des petits passent le cap de la premi\u00e8re ann\u00e9e, il est alors \u00e9vident que les chauves-souris ne pullulent pas.<\/p>\n<div id=\"attachment_426\" style=\"width: 310px\" class=\"wp-caption aligncenter\"><a href=\"http:\/\/www.gca-asso.fr\/wp-content\/uploads\/2014\/05\/myo-ema.jpg\"><img loading=\"lazy\" decoding=\"async\" aria-describedby=\"caption-attachment-426\" class=\"size-medium wp-image-426\" title=\"myo ema\" src=\"http:\/\/www.gca-asso.fr\/wp-content\/uploads\/2014\/05\/myo-ema-300x268.jpg\" alt=\"\" width=\"300\" height=\"268\" srcset=\"http:\/\/www.gca-asso.fr\/wp-content\/uploads\/2014\/05\/myo-ema-300x268.jpg 300w, http:\/\/www.gca-asso.fr\/wp-content\/uploads\/2014\/05\/myo-ema-335x300.jpg 335w, http:\/\/www.gca-asso.fr\/wp-content\/uploads\/2014\/05\/myo-ema.jpg 1000w\" sizes=\"auto, (max-width: 300px) 100vw, 300px\" \/><\/a><p id=\"caption-attachment-426\" class=\"wp-caption-text\">Murin \u00e0 oreilles \u00e9chancr\u00e9es<\/p><\/div>\n<p style=\"text-align: justify;\"><span style=\"color: #333333;\"><strong><span style=\"text-decoration: underline;\">Vont-elles faire des d\u00e9g\u00e2ts ?<\/span><\/strong><\/span><\/p>\n<p style=\"text-align: justify;\">Les chauves-souris ne sont pas des rongeurs, \u00e0 ce titre, il n&rsquo;y a aucun risque de d\u00e9t\u00e9rioration de la laine de verre, des fils \u00e9lectriques, du bois&#8230; Rappelons que les chauves-souris ne rongent pas, ne creusent pas et n&rsquo;apportent pas de mat\u00e9riaux \u00e0 leur g\u00eete.<\/p>\n<p style=\"text-align: justify;\"><strong><span style=\"color: #333333; text-decoration: underline;\">Combien de temps sont-elles l\u00e0 ?<\/span><\/strong><\/p>\n<p style=\"text-align: justify;\">Si vous observez des chauves-souris \u00e0 la belle saison, il s&rsquo;agit, le plus souvent, de colonies de reproduction. Celles-ci sont constitu\u00e9es de femelles uniquement, se regroupant pour mettre bas. Leur pr\u00e9sence s&rsquo;\u00e9tend globalement de mai \u00e0 septembre.<\/p>\n<p style=\"text-align: justify;\">Si vous observez des individus en hiver, il s&rsquo;agit de colonies d&rsquo;hibernation. La l\u00e9thargie dure en moyenne de novembre \u00e0 mars. Cette p\u00e9riode est relativement sensible pour les chauves-souris puisqu&rsquo;un r\u00e9veil avant le printemps peut leur \u00eatre fatal.<\/p>\n<p style=\"text-align: justify;\">De fa\u00e7on g\u00e9n\u00e9rale, si des chauves-souris ont \u00e9lu domicile chez vous, c&rsquo;est parce qu\u2019elles y trouvent les conditions optimales pour une partie de leur cycle de vie. Ainsi, ann\u00e9es apr\u00e8s ann\u00e9es (et en l&rsquo;absence de modification de leur habitat), elles reviendront.<\/p>\n<p style=\"text-align: justify;\"><strong><span style=\"color: #333333; text-decoration: underline;\">Transmettent-elles des maladies ?<\/span><\/strong><\/p>\n<p style=\"text-align: justify;\">Il est souvent demand\u00e9 si le guano (les d\u00e9jections des chauves-souris) peut transmettre des maladies ? Si c&rsquo;est le cas dans les pays tropicaux (il s&rsquo;agit de l\u2019histoplasmose), la France m\u00e9tropolitaine n&rsquo;est absolument pas concern\u00e9e par cette probl\u00e9matique.<\/p>\n<p style=\"text-align: justify;\">Il est imp\u00e9ratif de ne jamais manipuler une chauve-souris (sauf en cas de d\u00e9couverte d&rsquo;un animal mort ou bless\u00e9, auquel cas la marche \u00e0 suivre est la suivante : <a href=\"http:\/\/www.gca-asso.fr\/?page_id=332\">j&rsquo;ai trouv\u00e9 une chauve-souris<\/a>). En effet les chiropt\u00e8res peuvent \u00eatre porteurs du virus de la rage, et la transmission se fait via la salive d&rsquo;un individu infect\u00e9 (lors d&rsquo;une morsure par exemple). Toutefois, actuellement seule 1 esp\u00e8ce sur les 34 pr\u00e9sentent en France m\u00e9tropolitaine a d\u00e9j\u00e0 \u00e9t\u00e9 test\u00e9e positive.<\/p>\n<p style=\"text-align: justify;\"><strong><span style=\"color: #333333; text-decoration: underline;\">Les chauves-souris, \u00e7a sert \u00e0 quoi ?<\/span><\/strong><\/p>\n<p style=\"text-align: justify;\">Les chauves-souris sont (pour la France m\u00e9tropolitaine) toutes insectivores. Cela sous-entend donc qu&rsquo;elles consomment les moustiques, mouches, papillons nocturnes et autres insectes causant des d\u00e9sagr\u00e9ments. A titre d&rsquo;exemple, on estime qu&rsquo;une chauve-souris consomme en moyenne 3 000 insectes par nuit ! Ainsi, la pr\u00e9sence de ces esp\u00e8ces est la preuve d&rsquo;un environnement sain et de qualit\u00e9.<\/p>\n<p style=\"text-align: justify;\">De plus, le guano est un excellent fertilisant pour le jardin. Particuli\u00e8rement riche en azote, il faut le diluer \u00e0 10% pour pouvoir l&rsquo;utiliser.<\/p>\n","protected":false},"excerpt":{"rendered":"<p>Il n&rsquo;est pas rare que les chauves-souris fr\u00e9quentent diverses parties des maisons : les greniers, les avanc\u00e9es de toits, l&rsquo;espace entre le mur et le bardage, derri\u00e8re les volets etc. durant la belle saison. Ces lieux procurent la chaleur n\u00e9cessaire &hellip; <a href=\"http:\/\/www.gca-asso.fr\/?page_id=330\">Continuer la lecture <span class=\"meta-nav\">&rarr;<\/span><\/a><\/p>\n","protected":false},"author":2,"featured_media":0,"parent":13,"menu_order":1,"comment_status":"closed","ping_status":"open","template":"","meta":{"footnotes":""},"class_list":["post-330","page","type-page","status-publish","hentry"],"_links":{"self":[{"href":"http:\/\/www.gca-asso.fr\/index.php?rest_route=\/wp\/v2\/pages\/330","targetHints":{"allow":["GET"]}}],"collection":[{"href":"http:\/\/www.gca-asso.fr\/index.php?rest_route=\/wp\/v2\/pages"}],"about":[{"href":"http:\/\/www.gca-asso.fr\/index.php?rest_route=\/wp\/v2\/types\/page"}],"author":[{"embeddable":true,"href":"http:\/\/www.gca-asso.fr\/index.php?rest_route=\/wp\/v2\/users\/2"}],"replies":[{"embeddable":true,"href":"http:\/\/www.gca-asso.fr\/index.php?rest_route=%2Fwp%2Fv2%2Fcomments&post=330"}],"version-history":[{"count":35,"href":"http:\/\/www.gca-asso.fr\/index.php?rest_route=\/wp\/v2\/pages\/330\/revisions"}],"predecessor-version":[{"id":1002,"href":"http:\/\/www.gca-asso.fr\/index.php?rest_route=\/wp\/v2\/pages\/330\/revisions\/1002"}],"up":[{"embeddable":true,"href":"http:\/\/www.gca-asso.fr\/index.php?rest_route=\/wp\/v2\/pages\/13"}],"wp:attachment":[{"href":"http:\/\/www.gca-asso.fr\/index.php?rest_route=%2Fwp%2Fv2%2Fmedia&parent=330"}],"curies":[{"name":"wp","href":"https:\/\/api.w.org\/{rel}","templated":true}]}}