{"id":894,"date":"2017-04-09T10:12:20","date_gmt":"2017-04-09T10:12:20","guid":{"rendered":"http:\/\/www.gca-asso.fr\/?page_id=894"},"modified":"2025-01-04T08:39:59","modified_gmt":"2025-01-04T08:39:59","slug":"bulletin-dadhesion","status":"publish","type":"page","link":"http:\/\/www.gca-asso.fr\/?page_id=894","title":{"rendered":"Nous rejoindre !"},"content":{"rendered":"<p>Vous souhaitez participer \u00e0 l&rsquo;\u00e9tude et la protection des chauves-souris ? Alors n&rsquo;h\u00e9sitez pas \u00e0 nous rejoindre.<\/p>\n<p style=\"text-align: left;\">L\u2019adh\u00e9sion annuelle est de 7,50 \u20ac pour des membres individuels et de 30 \u20ac pour les personnes morales.<\/p>\n\n\n<p style=\"color:#6a19d2;text-align:center\" class=\"has-text-color has-medium-font-size\"><strong><a href=\"https:\/\/www.helloasso.com\/associations\/groupe-chiropteres-aquitaine\/adhesions\/adhesion-2025-au-groupe-chiropteres-aquitaine\" target=\"_blank\" rel=\"noreferrer noopener\" aria-label=\"ADH\u00c9SION 2025 (s\u2019ouvre dans un nouvel onglet)\">ADH\u00c9SION 2025<\/a><\/strong><\/p>\n\n\n\n<p>Votre email nous permettra de vous inscrire \u00e0 notre liste de discussion et de vous tenir inform\u00e9 des activit\u00e9s du groupe.<\/p>\n\n\n\n<p><em>Les adh\u00e9sions au GCA sont valables du 1er janvier au 31 d\u00e9cembre de l&rsquo;ann\u00e9e en cours.<\/em><br><em>Nous proposons aux nouveaux adh\u00e9rents qui cotisent apr\u00e8s le <strong>15 novembre<\/strong> de reporter leur adh\u00e9sion sur l&rsquo;ann\u00e9e suivante, afin de profiter pleinement des activit\u00e9s du GCA !<\/em><br><\/p>\n\n\n\n<p>Vous pouvez \u00e9galement <strong>faire un don au Groupe Chiropt\u00e8res Aquitaine<\/strong> si vous le souhaitez.<\/p>\n\n\n\n<div class=\"wp-block-image\"><figure class=\"aligncenter\"><a href=\"https:\/\/www.donnerenligne.fr\/groupe-chiropteres-aquitaine\/faire-un-don\" target=\"_blank\" rel=\"noreferrer noopener\"><img loading=\"lazy\" decoding=\"async\" width=\"144\" height=\"80\" src=\"http:\/\/www.gca-asso.fr\/wp-content\/uploads\/2017\/04\/FaireUnDon.jpg\" alt=\"\" class=\"wp-image-1067\"\/><\/a><\/figure><\/div>\n","protected":false},"excerpt":{"rendered":"<p>Vous souhaitez participer \u00e0 l&rsquo;\u00e9tude et la protection des chauves-souris ? Alors n&rsquo;h\u00e9sitez pas \u00e0 nous rejoindre. L\u2019adh\u00e9sion annuelle est de 7,50 \u20ac pour des membres individuels et de 30 \u20ac pour les personnes morales. ADH\u00c9SION 2025 Votre email nous &hellip; <a href=\"http:\/\/www.gca-asso.fr\/?page_id=894\">Continuer la lecture <span class=\"meta-nav\">&rarr;<\/span><\/a><\/p>\n","protected":false},"author":2,"featured_media":0,"parent":0,"menu_order":0,"comment_status":"closed","ping_status":"closed","template":"","meta":{"footnotes":""},"class_list":["post-894","page","type-page","status-publish","hentry"],"_links":{"self":[{"href":"http:\/\/www.gca-asso.fr\/index.php?rest_route=\/wp\/v2\/pages\/894","targetHints":{"allow":["GET"]}}],"collection":[{"href":"http:\/\/www.gca-asso.fr\/index.php?rest_route=\/wp\/v2\/pages"}],"about":[{"href":"http:\/\/www.gca-asso.fr\/index.php?rest_route=\/wp\/v2\/types\/page"}],"author":[{"embeddable":true,"href":"http:\/\/www.gca-asso.fr\/index.php?rest_route=\/wp\/v2\/users\/2"}],"replies":[{"embeddable":true,"href":"http:\/\/www.gca-asso.fr\/index.php?rest_route=%2Fwp%2Fv2%2Fcomments&post=894"}],"version-history":[{"count":24,"href":"http:\/\/www.gca-asso.fr\/index.php?rest_route=\/wp\/v2\/pages\/894\/revisions"}],"predecessor-version":[{"id":1814,"href":"http:\/\/www.gca-asso.fr\/index.php?rest_route=\/wp\/v2\/pages\/894\/revisions\/1814"}],"wp:attachment":[{"href":"http:\/\/www.gca-asso.fr\/index.php?rest_route=%2Fwp%2Fv2%2Fmedia&parent=894"}],"curies":[{"name":"wp","href":"https:\/\/api.w.org\/{rel}","templated":true}]}}