{"id":9,"date":"2012-02-28T15:35:32","date_gmt":"2012-02-28T15:35:32","guid":{"rendered":"http:\/\/www.gca-asso.fr\/?page_id=9"},"modified":"2023-02-17T14:48:59","modified_gmt":"2023-02-17T14:48:59","slug":"les-chauves-souris","status":"publish","type":"page","link":"http:\/\/www.gca-asso.fr\/?page_id=9","title":{"rendered":"Les Chauves-souris"},"content":{"rendered":"<p style=\"text-align: justify;\"><strong>Le Groupe Chiropt\u00e8res Aquitaine a r\u00e9dig\u00e9 en 2014, dans le cadre des atlas des\u00a0 Mammif\u00e8res sauvages d\u2019Aquitaine coordonn\u00e9s depuis 2011 par Cistude Nature et la\u00a0 Ligue pour la Protection des Oiseaux Aquitaine, le Tome 4 sur les Chiropt\u00e8res. Cet atlas constitue un \u00e9tat des lieux le plus complet des diff\u00e9rentes esp\u00e8ces de Chauves-souris dans la r\u00e9gion.<\/strong><\/p>\n<p style=\"text-align: center;\"><span style=\"color: #333333;\">La r\u00e9gion Aquitaine abrite, \u00e0 l&rsquo;heure actuelle, <strong>26 esp\u00e8ces<\/strong> de chauves-souris sur les 36 esp\u00e8ces qui composent le peuplement europ\u00e9en.<\/span><\/p>\n<p>L&rsquo; important travail de compilation de donn\u00e9es a permis d&rsquo;\u00e9diter les cartes de r\u00e9partition des diff\u00e9rentes esp\u00e8ces pr\u00e9sentes dans la r\u00e9gion :<\/p>\n\n\n<ul class=\"wp-block-gallery columns-3 is-cropped wp-block-gallery-1 is-layout-flex wp-block-gallery-is-layout-flex\"><li class=\"blocks-gallery-item\"><figure><img loading=\"lazy\" decoding=\"async\" width=\"533\" height=\"533\" src=\"http:\/\/www.gca-asso.fr\/wp-content\/uploads\/2022\/11\/petit_rhinolophe.jpg\" alt=\"\" data-id=\"1702\" data-link=\"http:\/\/www.gca-asso.fr\/?attachment_id=1702\" class=\"wp-image-1702\" srcset=\"http:\/\/www.gca-asso.fr\/wp-content\/uploads\/2022\/11\/petit_rhinolophe.jpg 533w, http:\/\/www.gca-asso.fr\/wp-content\/uploads\/2022\/11\/petit_rhinolophe-150x150.jpg 150w, http:\/\/www.gca-asso.fr\/wp-content\/uploads\/2022\/11\/petit_rhinolophe-300x300.jpg 300w\" sizes=\"auto, (max-width: 533px) 100vw, 533px\" \/><figcaption>Petit Rhinolophe<\/figcaption><\/figure><\/li><li class=\"blocks-gallery-item\"><figure><img loading=\"lazy\" decoding=\"async\" width=\"533\" height=\"533\" src=\"http:\/\/www.gca-asso.fr\/wp-content\/uploads\/2022\/11\/minioptere.jpg\" alt=\"\" data-id=\"1701\" data-link=\"http:\/\/www.gca-asso.fr\/?attachment_id=1701\" class=\"wp-image-1701\" srcset=\"http:\/\/www.gca-asso.fr\/wp-content\/uploads\/2022\/11\/minioptere.jpg 533w, http:\/\/www.gca-asso.fr\/wp-content\/uploads\/2022\/11\/minioptere-150x150.jpg 150w, http:\/\/www.gca-asso.fr\/wp-content\/uploads\/2022\/11\/minioptere-300x300.jpg 300w\" sizes=\"auto, (max-width: 533px) 100vw, 533px\" \/><figcaption>Miniopt\u00e8re de Schreibers<\/figcaption><\/figure><\/li><li class=\"blocks-gallery-item\"><figure><img loading=\"lazy\" decoding=\"async\" width=\"533\" height=\"533\" src=\"http:\/\/www.gca-asso.fr\/wp-content\/uploads\/2022\/11\/grand_rhinolophe_1.jpg\" alt=\"\" data-id=\"1700\" data-link=\"http:\/\/www.gca-asso.fr\/?attachment_id=1700\" class=\"wp-image-1700\" srcset=\"http:\/\/www.gca-asso.fr\/wp-content\/uploads\/2022\/11\/grand_rhinolophe_1.jpg 533w, http:\/\/www.gca-asso.fr\/wp-content\/uploads\/2022\/11\/grand_rhinolophe_1-150x150.jpg 150w, http:\/\/www.gca-asso.fr\/wp-content\/uploads\/2022\/11\/grand_rhinolophe_1-300x300.jpg 300w\" sizes=\"auto, (max-width: 533px) 100vw, 533px\" \/><figcaption>Grand Rhinolophe<\/figcaption><\/figure><\/li><\/ul>\n\n\n\n<ul class=\"wp-block-list\"><li><a href=\"http:\/\/www.gca-asso.fr\/wp-content\/uploads\/2012\/02\/Barbastelle.pdf\">La Barbastelle d&rsquo;Europe<\/a><\/li><li><a href=\"http:\/\/www.gca-asso.fr\/wp-content\/uploads\/2012\/02\/Minioptere.pdf\">Le Miniopt\u00e8re de Schreibers<\/a><\/li><li><a href=\"http:\/\/www.gca-asso.fr\/wp-content\/uploads\/2012\/02\/Molosse.pdf\">Le Molosse de Cestoni<\/a><\/li><li><a href=\"http:\/\/www.gca-asso.fr\/wp-content\/uploads\/2012\/02\/Murins.pdf\">Murin d&rsquo;Alcathoe, Grand Murin, Petit Murin, Murin de Daubenton, Murin de Natterer, Murin de Bechstein, Murin \u00e0 moustaches, Murin \u00e0 oreilles \u00e9chancr\u00e9es<\/a><\/li><li><a href=\"http:\/\/www.gca-asso.fr\/wp-content\/uploads\/2012\/02\/Noctules.pdf\">La Noctule commune, la Noctule de Leisler, la Grande Noctule<\/a><\/li><li><a href=\"http:\/\/www.gca-asso.fr\/wp-content\/uploads\/2012\/02\/Oreillards.pdf\">L&rsquo;Oreillard gris, l&rsquo;Oreillard roux<\/a><\/li><li><a href=\"http:\/\/www.gca-asso.fr\/wp-content\/uploads\/2012\/02\/Pipistrelles.pdf\">La Pipistrelle commune, la Pipistrelle de Kuhl, la Pipistrelle de Nathusius, la Pipistrelle pygm\u00e9e<\/a><\/li><li><a href=\"http:\/\/www.gca-asso.fr\/wp-content\/uploads\/2012\/02\/Serotine.pdf\">La S\u00e9rotine commune<\/a><\/li><li>La S\u00e9rotine bicolore<\/li><li><a href=\"http:\/\/www.gca-asso.fr\/wp-content\/uploads\/2012\/02\/Vespere.pdf\">Le Vesp\u00e8re de Savi<\/a><\/li><li><a href=\"http:\/\/www.gca-asso.fr\/wp-content\/uploads\/2012\/02\/Rhinolophes4.pdf\">Le Grand Rhinolophe, le Petit Rhinolophe, le Rhinolophe Euryale<\/a><\/li><\/ul>\n\n\n\n<div class=\"wp-block-media-text alignwide\"><figure class=\"wp-block-media-text__media\"><img loading=\"lazy\" decoding=\"async\" width=\"590\" height=\"835\" src=\"http:\/\/www.gca-asso.fr\/wp-content\/uploads\/2012\/03\/20140303082136_00002.jpg\" alt=\"\" class=\"wp-image-290\" srcset=\"http:\/\/www.gca-asso.fr\/wp-content\/uploads\/2012\/03\/20140303082136_00002.jpg 590w, http:\/\/www.gca-asso.fr\/wp-content\/uploads\/2012\/03\/20140303082136_00002-211x300.jpg 211w\" sizes=\"auto, (max-width: 590px) 100vw, 590px\" \/><\/figure><div class=\"wp-block-media-text__content\">\n<p class=\"has-large-font-size\">\nL&rsquo;atlas complet des Chiropt\u00e8res d&rsquo;Aquitaine est disponible ici :\n\n<\/p>\n<\/div><\/div>\n\n\n\n<div class=\"wp-block-file\"><a href=\"http:\/\/www.gca-asso.fr\/wp-content\/uploads\/2022\/11\/Atlas_Mammiferes_Aquitaine_T4_Chiropteres_w.pdf\">Atlas des Mammiferes d&rsquo;Aquitaine T4 Chiropteres<\/a><a href=\"http:\/\/www.gca-asso.fr\/wp-content\/uploads\/2022\/11\/Atlas_Mammiferes_Aquitaine_T4_Chiropteres_w.pdf\" class=\"wp-block-file__button\" download>T\u00e9l\u00e9charger<\/a><\/div>\n\n\n\n<p>\nEn compl\u00e9ment, voici la l<a href=\"http:\/\/files.biolovision.net\/www.faune-aquitaine.org\/userfiles\/ReferentielsEspeces\/LMTAkoct12.pdf\">iste des mammif\u00e8res terrestres d\u2019aquitaine<\/a> (arr\u00eat\u00e9e au 30 septembre 2012) version 1.0. Ruys, T. (c\/o Cistude Nature), Couzi, L. (c\/o LPO Aquitaine), Bernard, Y. (c\/o GCA). (2012)\n\n<\/p>\n","protected":false},"excerpt":{"rendered":"<p>Le Groupe Chiropt\u00e8res Aquitaine a r\u00e9dig\u00e9 en 2014, dans le cadre des atlas des\u00a0 Mammif\u00e8res sauvages d\u2019Aquitaine coordonn\u00e9s depuis 2011 par Cistude Nature et la\u00a0 Ligue pour la Protection des Oiseaux Aquitaine, le Tome 4 sur les Chiropt\u00e8res. Cet atlas &hellip; <a href=\"http:\/\/www.gca-asso.fr\/?page_id=9\">Continuer la lecture <span class=\"meta-nav\">&rarr;<\/span><\/a><\/p>\n","protected":false},"author":2,"featured_media":0,"parent":0,"menu_order":3,"comment_status":"closed","ping_status":"open","template":"","meta":{"footnotes":""},"class_list":["post-9","page","type-page","status-publish","hentry"],"_links":{"self":[{"href":"http:\/\/www.gca-asso.fr\/index.php?rest_route=\/wp\/v2\/pages\/9","targetHints":{"allow":["GET"]}}],"collection":[{"href":"http:\/\/www.gca-asso.fr\/index.php?rest_route=\/wp\/v2\/pages"}],"about":[{"href":"http:\/\/www.gca-asso.fr\/index.php?rest_route=\/wp\/v2\/types\/page"}],"author":[{"embeddable":true,"href":"http:\/\/www.gca-asso.fr\/index.php?rest_route=\/wp\/v2\/users\/2"}],"replies":[{"embeddable":true,"href":"http:\/\/www.gca-asso.fr\/index.php?rest_route=%2Fwp%2Fv2%2Fcomments&post=9"}],"version-history":[{"count":45,"href":"http:\/\/www.gca-asso.fr\/index.php?rest_route=\/wp\/v2\/pages\/9\/revisions"}],"predecessor-version":[{"id":1722,"href":"http:\/\/www.gca-asso.fr\/index.php?rest_route=\/wp\/v2\/pages\/9\/revisions\/1722"}],"wp:attachment":[{"href":"http:\/\/www.gca-asso.fr\/index.php?rest_route=%2Fwp%2Fv2%2Fmedia&parent=9"}],"curies":[{"name":"wp","href":"https:\/\/api.w.org\/{rel}","templated":true}]}}